{"id":11,"date":"2021-02-28T19:03:02","date_gmt":"2021-02-28T18:03:02","guid":{"rendered":"https:\/\/uvsi.fr\/?page_id=11"},"modified":"2026-02-13T16:28:01","modified_gmt":"2026-02-13T15:28:01","slug":"contact","status":"publish","type":"page","link":"https:\/\/uvsi.fr\/?page_id=11","title":{"rendered":"Qui sommes nous, accessibilit\u00e9"},"content":{"rendered":"\n<p>L\u2019IRESU propose des formations destin\u00e9es \u00e0 la prise en charge des urgences m\u00e9dicales en milieu du travail depuis plus de 30 ans.<br>Il s\u2018agit de sessions d\u2019une ou plusieurs journ\u00e9es soit sur le site de l\u2019entreprise soit au SAMU des Hauts-de-Seine, situ\u00e9 \u00e0 Garches.<br>Ces formations sont ouvertes \u00e0 des inscriptions individuelles ou pour des groupes pr\u00e9constitu\u00e9s, consultez <a href=\"https:\/\/iresu.fr\">https:\/\/iresu.fr<\/a><\/p>\n\n\n\n<p class=\"has-drop-cap\">Chaque ann\u00e9e, l\u2019IRESU propose les Journ\u00e9es d&rsquo;Aide M\u00e9dicale Urgente en Milieu de Travail et collectivit\u00e9s (JAMU) qui rassemblent plus de 500 m\u00e9decins et infirmi\u00e8res de sant\u00e9 au travail. Les JAMU offrent une formation sur 2 jours avec des s\u00e9ances pl\u00e9ni\u00e8res, sessions semi-parall\u00e8les et un choix d\u2019ateliers consacr\u00e9s \u00e0 la prise en charge des urgences \u00e0 travers des sc\u00e9narios contextualis\u00e9s.<br>Les prochaines JAMU sont organis\u00e9es les 28 et 29 mars 2024. Rendez-vous sur <a href=\"https:\/\/jamu.fr\">https:\/\/jamu.fr<\/a><\/p>\n\n\n\n<p class=\"has-drop-cap\">Depuis 2021, cette formation \u00ab&nbsp;Urgences Vitales en Soins Infirmiers&nbsp;\u00bb est \u00e9galement organis\u00e9e par l&rsquo;IRESU. L\u2019UVSI forme \u00e0 la prise en charge des urgences potentielles et vitales intra ou extra hospitali\u00e8re et de situations sanitaires exceptionnelles (plan de secours, risques collectifs). Rendez-vous sur <a href=\"https:\/\/uvsi.fr\">https:\/\/uvsi.fr<\/a><\/p>\n\n\n\n<p class=\"has-drop-cap\">Une \u00e9valuation est effectu\u00e9e \u00e0 l\u2019issue de chaque formation, les principaux r\u00e9sultats sont rendus publiques et un compte-rendu complet est disponible pour les JAMU chaque ann\u00e9e, sur le site <a href=\"https:\/\/jamu.fr\/\">https:\/\/jamu.fr\/<\/a> &nbsp;<\/p>\n\n\n\n<p><br>Vous pouvez trouver sur ces sites la formation qui vous convient, ou envoyer un mail \u00e0&nbsp;<a href=\"mailto:info@iresu.fr\" target=\"_blank\" rel=\"noreferrer noopener\">info@iresu.fr<\/a>, ou \u00e9changer avec nous par t\u00e9l\u00e9phone au 01 84 19 28 75<\/p>\n\n\n\n<p><\/p>\n\n\n\n<p style=\"font-size:28px;line-height:1.3\"><strong>Accessibilit\u00e9<\/strong><\/p>\n\n\n\n<p class=\"has-normal-font-size\">Les locaux se trouvent \u00e0 l\u2019int\u00e9rieur de l\u2019h\u00f4pital Raymond Poincar\u00e9 de Garches, dans le b\u00e2timent du SAMU, au&nbsp;:<br>104 boulevard Raymond Poincar\u00e9 &#8211; 92380 GARCHES<\/p>\n\n\n\n<p class=\"has-normal-font-size\"><strong>R\u00e9f\u00e9rente accessibilit\u00e9, situations de handicap :<\/strong><br><strong>Agn\u00e8s Baer, Mail: agnes.baer@iresu.fr<\/strong><br><br><strong>Acc\u00e8s aux locaux:<\/strong><br>L\u2019acc\u00e8s aux locaux se fait par l\u2019entr\u00e9e de l\u2019h\u00f4pital. Une place de parking devant l\u2019entr\u00e9e du centre de formation est r\u00e9serv\u00e9e pour les v\u00e9hicules des personnes en fauteuil ou PMR en ayant fait pr\u00e9alablement la demande sur le formulaire d\u2019inscription.<\/p>\n\n\n\n<p><strong>Acc\u00e8s aux salles de formation :<\/strong><br>L\u2019IRESU b\u00e9n\u00e9ficie de 2 salles de formation ainsi qu\u2019un amphi de 90 places, accessibles aux PMR et aux personnes en fauteuil.<br>L\u2019amphi sera prochainement \u00e9quip\u00e9 d\u2019une boucle magn\u00e9tique<\/p>\n\n\n\n<p><strong>Acc\u00e8s aux sanitaires:<\/strong><br>Les locaux disposent d\u2019un toilette pour les personnes handicap\u00e9es, situ\u00e9 pr\u00e8s des salles de formation. Il est indiqu\u00e9 par une signal\u00e9tique sp\u00e9cifique<\/p>\n\n\n\n<p><strong>Acc\u00e8s \u00e0 la salle de restauration : <\/strong><br>Le entre de formation ne dispose pas de service de restauration ni de salle r\u00e9serv\u00e9e \u00e0 cet effet. N\u00e9anmoins, il est possible de b\u00e9n\u00e9ficier de la kitchenette situ\u00e9e dans les locaux et de d\u00e9jeuner dans les salles de formation. D\u2019autre part, l\u2019h\u00f4pital de Garches b\u00e9n\u00e9ficie d\u2019une caf\u00e9t\u00e9ria accessible situ\u00e9e pr\u00e8s du  SAMU.<\/p>\n\n\n\n<hr class=\"wp-block-separator has-text-color has-vivid-cyan-blue-color has-css-opacity has-vivid-cyan-blue-background-color has-background is-style-wide\"\/>\n\n\n\n<p>IRESU, Institut de Recherche et d&rsquo;Enseignement des Soins d&rsquo;Urgence, association sans but lucratif selon la loi de 1901 est un organisme de formation professionnelle d\u00e9clar\u00e9 sous le N\u00b0 119 202 310 92 aupr\u00e8s du pr\u00e9fet de la r\u00e9gion Ile-de-France. Cet enregistrement ne vaut pas agr\u00e9ment de l&rsquo;Etat<br>R\u00e9f\u00e9renc\u00e9 aupr\u00e8s des OPCO.<br>SIRET : 34968779800018. TVA : FR64349687798. DUNS : 574212429<br>L&rsquo;IRESU est certifi\u00e9 Qualiopi pour ses actions de formation. Consulter <a href=\"https:\/\/uvsi.fr\/wp-content\/uploads\/2023\/10\/certificat-qualiopi.pdf\">le certificat Qualiopi<\/a><\/p>\n\n\n\n<figure class=\"wp-block-image size-full\"><img loading=\"lazy\" decoding=\"async\" width=\"674\" height=\"300\" src=\"https:\/\/uvsi.fr\/wp-content\/uploads\/2021\/03\/logo-iresu-POUR-SITE.jpg\" alt=\"\" class=\"wp-image-88\" srcset=\"https:\/\/uvsi.fr\/wp-content\/uploads\/2021\/03\/logo-iresu-POUR-SITE.jpg 674w, https:\/\/uvsi.fr\/wp-content\/uploads\/2021\/03\/logo-iresu-POUR-SITE-300x134.jpg 300w\" sizes=\"auto, (max-width: 674px) 100vw, 674px\" \/><\/figure>\n\n\n\n<p>Adresse de correspondance :<br>IRESU&nbsp; SAMU 92 &#8211; H\u00f4pital Raymond Poincar\u00e9.<br>104 Bld. Raymond Poincar\u00e9&nbsp; &nbsp;92380 GARCHES.<br>T\u00e9l : 01 84 19 28 75. Fax 01 47 10 70 07.<br>Email : <a href=\"mailto:info@iresu.fr\" target=\"_blank\" rel=\"noreferrer noopener\">info@iresu.fr<\/a><br>&nbsp;www.iresu.fr<\/p>\n\n\n\n<p><\/p>\n","protected":false},"excerpt":{"rendered":"<p>L\u2019IRESU propose des formations destin\u00e9es \u00e0 la prise en charge des urgences m\u00e9dicales en milieu du travail depuis plus de 30 ans.Il s\u2018agit de sessions d\u2019une ou plusieurs journ\u00e9es soit sur le site de l\u2019entreprise soit au SAMU des Hauts-de-Seine, situ\u00e9 \u00e0 Garches.Ces formations sont ouvertes \u00e0 des inscriptions individuelles ou pour des groupes pr\u00e9constitu\u00e9s, &hellip; <\/p>\n<p class=\"link-more\"><a href=\"https:\/\/uvsi.fr\/?page_id=11\" class=\"more-link\">Continuer la lecture<span class=\"screen-reader-text\"> de &laquo;&nbsp;Qui sommes nous, accessibilit\u00e9&nbsp;&raquo;<\/span><\/a><\/p>\n","protected":false},"author":2,"featured_media":0,"parent":0,"menu_order":0,"comment_status":"closed","ping_status":"closed","template":"","meta":{"footnotes":""},"class_list":["post-11","page","type-page","status-publish","hentry"],"yoast_head":"<!-- This site is optimized with the Yoast SEO plugin v27.5 - https:\/\/yoast.com\/product\/yoast-seo-wordpress\/ -->\n<title>Qui sommes nous, accessibilit\u00e9 - UVSI<\/title>\n<meta name=\"description\" content=\"UVSI. IRESU. Formation \u00e0 l&#039;urgence. Accessibilit\u00e9. Contacter l&#039;IRESU.\" \/>\n<meta name=\"robots\" content=\"index, follow, max-snippet:-1, max-image-preview:large, max-video-preview:-1\" \/>\n<link rel=\"canonical\" href=\"https:\/\/uvsi.fr\/?page_id=11\" \/>\n<meta property=\"og:locale\" content=\"fr_FR\" \/>\n<meta property=\"og:type\" content=\"article\" \/>\n<meta property=\"og:title\" content=\"Qui sommes nous, accessibilit\u00e9 - UVSI\" \/>\n<meta property=\"og:description\" content=\"UVSI. IRESU. Formation \u00e0 l&#039;urgence. Accessibilit\u00e9. Contacter l&#039;IRESU.\" \/>\n<meta property=\"og:url\" content=\"https:\/\/uvsi.fr\/?page_id=11\" \/>\n<meta property=\"og:site_name\" content=\"UVSI\" \/>\n<meta property=\"article:modified_time\" content=\"2026-02-13T15:28:01+00:00\" \/>\n<meta property=\"og:image\" content=\"https:\/\/uvsi.fr\/wp-content\/uploads\/2021\/03\/logo-iresu-POUR-SITE.jpg\" \/>\n\t<meta property=\"og:image:width\" content=\"674\" \/>\n\t<meta property=\"og:image:height\" content=\"300\" \/>\n\t<meta property=\"og:image:type\" content=\"image\/jpeg\" \/>\n<meta name=\"twitter:card\" content=\"summary_large_image\" \/>\n<meta name=\"twitter:label1\" content=\"Dur\u00e9e de lecture estim\u00e9e\" \/>\n\t<meta name=\"twitter:data1\" content=\"3 minutes\" \/>\n<script type=\"application\/ld+json\" class=\"yoast-schema-graph\">{\"@context\":\"https:\\\/\\\/schema.org\",\"@graph\":[{\"@type\":\"WebPage\",\"@id\":\"https:\\\/\\\/uvsi.fr\\\/?page_id=11\",\"url\":\"https:\\\/\\\/uvsi.fr\\\/?page_id=11\",\"name\":\"Qui sommes nous, accessibilit\u00e9 - UVSI\",\"isPartOf\":{\"@id\":\"https:\\\/\\\/uvsi.fr\\\/#website\"},\"primaryImageOfPage\":{\"@id\":\"https:\\\/\\\/uvsi.fr\\\/?page_id=11#primaryimage\"},\"image\":{\"@id\":\"https:\\\/\\\/uvsi.fr\\\/?page_id=11#primaryimage\"},\"thumbnailUrl\":\"https:\\\/\\\/uvsi.fr\\\/wp-content\\\/uploads\\\/2021\\\/03\\\/logo-iresu-POUR-SITE.jpg\",\"datePublished\":\"2021-02-28T18:03:02+00:00\",\"dateModified\":\"2026-02-13T15:28:01+00:00\",\"description\":\"UVSI. IRESU. Formation \u00e0 l'urgence. Accessibilit\u00e9. Contacter l'IRESU.\",\"breadcrumb\":{\"@id\":\"https:\\\/\\\/uvsi.fr\\\/?page_id=11#breadcrumb\"},\"inLanguage\":\"fr-FR\",\"potentialAction\":[{\"@type\":\"ReadAction\",\"target\":[\"https:\\\/\\\/uvsi.fr\\\/?page_id=11\"]}]},{\"@type\":\"ImageObject\",\"inLanguage\":\"fr-FR\",\"@id\":\"https:\\\/\\\/uvsi.fr\\\/?page_id=11#primaryimage\",\"url\":\"https:\\\/\\\/uvsi.fr\\\/wp-content\\\/uploads\\\/2021\\\/03\\\/logo-iresu-POUR-SITE.jpg\",\"contentUrl\":\"https:\\\/\\\/uvsi.fr\\\/wp-content\\\/uploads\\\/2021\\\/03\\\/logo-iresu-POUR-SITE.jpg\",\"width\":674,\"height\":300},{\"@type\":\"BreadcrumbList\",\"@id\":\"https:\\\/\\\/uvsi.fr\\\/?page_id=11#breadcrumb\",\"itemListElement\":[{\"@type\":\"ListItem\",\"position\":1,\"name\":\"Accueil\",\"item\":\"https:\\\/\\\/uvsi.fr\\\/\"},{\"@type\":\"ListItem\",\"position\":2,\"name\":\"Qui sommes nous, accessibilit\u00e9\"}]},{\"@type\":\"WebSite\",\"@id\":\"https:\\\/\\\/uvsi.fr\\\/#website\",\"url\":\"https:\\\/\\\/uvsi.fr\\\/\",\"name\":\"UVSI\",\"description\":\"Urgences Vitales en Soins Infirmiers\",\"publisher\":{\"@id\":\"https:\\\/\\\/uvsi.fr\\\/#organization\"},\"potentialAction\":[{\"@type\":\"SearchAction\",\"target\":{\"@type\":\"EntryPoint\",\"urlTemplate\":\"https:\\\/\\\/uvsi.fr\\\/?s={search_term_string}\"},\"query-input\":{\"@type\":\"PropertyValueSpecification\",\"valueRequired\":true,\"valueName\":\"search_term_string\"}}],\"inLanguage\":\"fr-FR\"},{\"@type\":\"Organization\",\"@id\":\"https:\\\/\\\/uvsi.fr\\\/#organization\",\"name\":\"UVSI\",\"url\":\"https:\\\/\\\/uvsi.fr\\\/\",\"logo\":{\"@type\":\"ImageObject\",\"inLanguage\":\"fr-FR\",\"@id\":\"https:\\\/\\\/uvsi.fr\\\/#\\\/schema\\\/logo\\\/image\\\/\",\"url\":\"https:\\\/\\\/uvsi.fr\\\/wp-content\\\/uploads\\\/2021\\\/03\\\/cropped-cropped-colibri-512X512.jpg\",\"contentUrl\":\"https:\\\/\\\/uvsi.fr\\\/wp-content\\\/uploads\\\/2021\\\/03\\\/cropped-cropped-colibri-512X512.jpg\",\"width\":250,\"height\":250,\"caption\":\"UVSI\"},\"image\":{\"@id\":\"https:\\\/\\\/uvsi.fr\\\/#\\\/schema\\\/logo\\\/image\\\/\"}}]}<\/script>\n<!-- \/ Yoast SEO plugin. -->","yoast_head_json":{"title":"Qui sommes nous, accessibilit\u00e9 - UVSI","description":"UVSI. IRESU. Formation \u00e0 l'urgence. Accessibilit\u00e9. Contacter l'IRESU.","robots":{"index":"index","follow":"follow","max-snippet":"max-snippet:-1","max-image-preview":"max-image-preview:large","max-video-preview":"max-video-preview:-1"},"canonical":"https:\/\/uvsi.fr\/?page_id=11","og_locale":"fr_FR","og_type":"article","og_title":"Qui sommes nous, accessibilit\u00e9 - UVSI","og_description":"UVSI. IRESU. Formation \u00e0 l'urgence. Accessibilit\u00e9. Contacter l'IRESU.","og_url":"https:\/\/uvsi.fr\/?page_id=11","og_site_name":"UVSI","article_modified_time":"2026-02-13T15:28:01+00:00","og_image":[{"width":674,"height":300,"url":"https:\/\/uvsi.fr\/wp-content\/uploads\/2021\/03\/logo-iresu-POUR-SITE.jpg","type":"image\/jpeg"}],"twitter_card":"summary_large_image","twitter_misc":{"Dur\u00e9e de lecture estim\u00e9e":"3 minutes"},"schema":{"@context":"https:\/\/schema.org","@graph":[{"@type":"WebPage","@id":"https:\/\/uvsi.fr\/?page_id=11","url":"https:\/\/uvsi.fr\/?page_id=11","name":"Qui sommes nous, accessibilit\u00e9 - UVSI","isPartOf":{"@id":"https:\/\/uvsi.fr\/#website"},"primaryImageOfPage":{"@id":"https:\/\/uvsi.fr\/?page_id=11#primaryimage"},"image":{"@id":"https:\/\/uvsi.fr\/?page_id=11#primaryimage"},"thumbnailUrl":"https:\/\/uvsi.fr\/wp-content\/uploads\/2021\/03\/logo-iresu-POUR-SITE.jpg","datePublished":"2021-02-28T18:03:02+00:00","dateModified":"2026-02-13T15:28:01+00:00","description":"UVSI. IRESU. Formation \u00e0 l'urgence. Accessibilit\u00e9. Contacter l'IRESU.","breadcrumb":{"@id":"https:\/\/uvsi.fr\/?page_id=11#breadcrumb"},"inLanguage":"fr-FR","potentialAction":[{"@type":"ReadAction","target":["https:\/\/uvsi.fr\/?page_id=11"]}]},{"@type":"ImageObject","inLanguage":"fr-FR","@id":"https:\/\/uvsi.fr\/?page_id=11#primaryimage","url":"https:\/\/uvsi.fr\/wp-content\/uploads\/2021\/03\/logo-iresu-POUR-SITE.jpg","contentUrl":"https:\/\/uvsi.fr\/wp-content\/uploads\/2021\/03\/logo-iresu-POUR-SITE.jpg","width":674,"height":300},{"@type":"BreadcrumbList","@id":"https:\/\/uvsi.fr\/?page_id=11#breadcrumb","itemListElement":[{"@type":"ListItem","position":1,"name":"Accueil","item":"https:\/\/uvsi.fr\/"},{"@type":"ListItem","position":2,"name":"Qui sommes nous, accessibilit\u00e9"}]},{"@type":"WebSite","@id":"https:\/\/uvsi.fr\/#website","url":"https:\/\/uvsi.fr\/","name":"UVSI","description":"Urgences Vitales en Soins Infirmiers","publisher":{"@id":"https:\/\/uvsi.fr\/#organization"},"potentialAction":[{"@type":"SearchAction","target":{"@type":"EntryPoint","urlTemplate":"https:\/\/uvsi.fr\/?s={search_term_string}"},"query-input":{"@type":"PropertyValueSpecification","valueRequired":true,"valueName":"search_term_string"}}],"inLanguage":"fr-FR"},{"@type":"Organization","@id":"https:\/\/uvsi.fr\/#organization","name":"UVSI","url":"https:\/\/uvsi.fr\/","logo":{"@type":"ImageObject","inLanguage":"fr-FR","@id":"https:\/\/uvsi.fr\/#\/schema\/logo\/image\/","url":"https:\/\/uvsi.fr\/wp-content\/uploads\/2021\/03\/cropped-cropped-colibri-512X512.jpg","contentUrl":"https:\/\/uvsi.fr\/wp-content\/uploads\/2021\/03\/cropped-cropped-colibri-512X512.jpg","width":250,"height":250,"caption":"UVSI"},"image":{"@id":"https:\/\/uvsi.fr\/#\/schema\/logo\/image\/"}}]}},"_links":{"self":[{"href":"https:\/\/uvsi.fr\/index.php?rest_route=\/wp\/v2\/pages\/11","targetHints":{"allow":["GET"]}}],"collection":[{"href":"https:\/\/uvsi.fr\/index.php?rest_route=\/wp\/v2\/pages"}],"about":[{"href":"https:\/\/uvsi.fr\/index.php?rest_route=\/wp\/v2\/types\/page"}],"author":[{"embeddable":true,"href":"https:\/\/uvsi.fr\/index.php?rest_route=\/wp\/v2\/users\/2"}],"replies":[{"embeddable":true,"href":"https:\/\/uvsi.fr\/index.php?rest_route=%2Fwp%2Fv2%2Fcomments&post=11"}],"version-history":[{"count":26,"href":"https:\/\/uvsi.fr\/index.php?rest_route=\/wp\/v2\/pages\/11\/revisions"}],"predecessor-version":[{"id":1269,"href":"https:\/\/uvsi.fr\/index.php?rest_route=\/wp\/v2\/pages\/11\/revisions\/1269"}],"wp:attachment":[{"href":"https:\/\/uvsi.fr\/index.php?rest_route=%2Fwp%2Fv2%2Fmedia&parent=11"}],"curies":[{"name":"wp","href":"https:\/\/api.w.org\/{rel}","templated":true}]}}