{"id":1108,"date":"2025-03-24T11:36:51","date_gmt":"2025-03-24T10:36:51","guid":{"rendered":"https:\/\/uvsi.fr\/?page_id=1108"},"modified":"2026-01-27T18:41:00","modified_gmt":"2026-01-27T17:41:00","slug":"infos-pratiques-25-26","status":"publish","type":"page","link":"https:\/\/uvsi.fr\/?page_id=1108","title":{"rendered":"Infos pratiques 25 &#8211; 26"},"content":{"rendered":"\n<h2 class=\"wp-block-heading has-text-align-center has-medium-font-size\"><strong>U V S I   Ann\u00e9e 2025 \u2013 2026<\/strong><br><strong>Conditions de candidatures<\/strong><br><strong>Inscriptions closes<\/strong><\/h2>\n\n\n\n<p class=\"has-small-font-size\">MAJ le 24 mars 2025<\/p>\n\n\n\n<p class=\"has-text-align-center\"><strong><a href=\"https:\/\/uvsi.fr\/wp-content\/uploads\/2025\/03\/Devis_UVSI_2025-26-Institution.pdf\">Obtenir un devis pour prise en charge institutionnelle<\/a><\/strong><br><strong><a href=\"https:\/\/uvsi.fr\/wp-content\/uploads\/2025\/03\/Devis_UVSI_2025-26-PEC-perso.pdf\">Obtenir un devis pour prise en charge personnelle<\/a><\/strong><br><strong><a href=\"https:\/\/uvsi.fr\/wp-content\/uploads\/2026\/01\/UVSI-Prg-2025-2026-diffusion-externe_09Janv26.pdf\">Consulter le programme actualis\u00e9<\/a><\/strong><\/p>\n\n\n\n<p class=\"has-text-align-center has-white-color has-vivid-cyan-blue-background-color has-text-color has-background\"><strong>Candidatures pour l&rsquo;ann\u00e9e 2025 &#8211; 2026<\/strong><\/p>\n\n\n\n<p><strong>La date limite de r\u00e9ception des candidatures etait fix\u00e9e au mardi 1er juillet 2025<\/strong><br>Les dossiers de candidatures [lettre de motivation et CV] pour l&rsquo;ann\u00e9e 2025 &#8211; 2026 peuvent \u00eatre envoy\u00e9s d\u00e8s le 3 f\u00e9vrier 2025. Les dossiers re\u00e7us avant le 1er juillet 2025 au soir seront examin\u00e9s par le conseil scientifique dans les conditions consultables sur ce site, rubrique \u00ab\u00a0modalit\u00e9s d&rsquo;inscriptions\u00a0\u00bb. Tous les candidats recevront une notification initiale d&rsquo;acceptation, de mise sur liste compl\u00e9mentaire ou de refus.<\/p>\n\n\n\n<p class=\"has-text-align-center has-white-color has-vivid-cyan-blue-background-color has-text-color has-background\"><strong>Objectifs de l&rsquo;enseignement<\/strong><\/p>\n\n\n\n<p>Am\u00e9liorer la qualit\u00e9 de la prise en charge en soins infirmiers des d\u00e9tresses vitales, gr\u00e2ce \u00e0 une formation sp\u00e9cifique et adapt\u00e9e. Acqu\u00e9rir les connaissances et les comp\u00e9tences, tant sur les plans th\u00e9oriques que pratiques, n\u00e9cessaires \u00e0 l\u2019exercice professionnel dans les structures de soins assurant la prise en charge d\u2019urgences vitales (r\u00e9animations, services d\u2019urgences, services d\u2019accueil des urgences vitales, salles de soins post-interventionnels, unit\u00e9s de soins continus, SAMU-SMUR\u2026).<\/p>\n\n\n\n<p class=\"has-text-align-center has-white-color has-vivid-cyan-blue-background-color has-text-color has-background\"><strong>Public concern\u00e9<\/strong> \/ <strong>Pr\u00e9requis<\/strong><\/p>\n\n\n\n<p>UVSI est une formation principalement destin\u00e9e aux Infirmier(e)s, ainsi qu&rsquo;aux Infirmier(e)s Anesth\u00e9sistes Dipl\u00f4m\u00e9s d\u2019Etat. Les autres personnels de sant\u00e9 titulaires d\u2019un dipl\u00f4me d\u2019\u00e9tat (Kin\u00e9sith\u00e9rapeutes, Sages-femmes\u2026) confront\u00e9s \u00e0 la prise en charge d\u2019urgences vitales au cours de leur exercice professionnel peuvent \u00e9galement \u00eatre concern\u00e9s, et leur dossier sera examin\u00e9 par le conseil scientifique.<\/p>\n\n\n\n<p class=\"has-text-align-center has-white-color has-vivid-cyan-blue-background-color has-text-color has-background\"><strong>Besoins particuliers, situation de handicap<\/strong><\/p>\n\n\n\n<p>Merci de contacter Agn\u00e8s Baer \u00e0 : agnes.baer@iresu.fr<\/p>\n\n\n\n<p class=\"has-text-align-center has-white-color has-vivid-cyan-blue-background-color has-text-color has-background\"><strong>Dur\u00e9e de l\u2019enseignement<\/strong><\/p>\n\n\n\n<p>116 heures r\u00e9parties en 8 modules, soit 8 sessions de 2 journ\u00e9es cons\u00e9cutives chaque mois, d\u00e9butant en septembre et s&rsquo;achevant en mai (except\u00e9 avril), suivi d\u2019un examen validant les connaissances et les comp\u00e9tences au mois de mai 2026.<\/p>\n\n\n\n<p class=\"has-text-align-center has-white-color has-vivid-cyan-blue-background-color has-text-color has-background\"><strong>Lieu de la formation<\/strong><\/p>\n\n\n\n<p>IRESU &#8211; SAMU 92 &#8211; H\u00f4pital Raymond Poincar\u00e9 &#8211; 104 Bd R. Poincar\u00e9 &#8211; 92380 Garches<br>Une session est organis\u00e9e au sein d&rsquo;un SDIS pour les techniques de d\u00e9sincarc\u00e9ration<\/p>\n\n\n\n<p class=\"has-text-align-center has-white-color has-vivid-cyan-blue-background-color has-text-color has-background\"><strong>Pr\u00e9requis &amp; conditions d\u2019inscription<\/strong><\/p>\n\n\n\n<p>Etre Infirmier(e)s Dipl\u00f4m\u00e9(e)s d\u2019Etat, Infirmier(e)s Anesth\u00e9sistes Dipl\u00f4m\u00e9(e)s d\u2019Etat. Les candidatures d\u2019\u00e9tudiants ne r\u00e9pondant pas \u00e0 ces crit\u00e8res (personnel de sant\u00e9 titulaire d\u2019un dipl\u00f4me d\u2019\u00e9tat (Kin\u00e9sith\u00e9rapeutes, Sages-femmes\u2026), pourront \u00eatre accept\u00e9es apr\u00e8s \u00e9tude personnalis\u00e9e de leur dossier.<br>Conditions d\u2019inscription&nbsp;: Envoyer CV et lettre de motivation par mail \u00e0 info@iresu.fr<br>ou par courrier \u00e0 :<br>&#8211; Secr\u00e9tariat de l\u2019IRESU &#8211; H\u00f4pital Raymond Poincar\u00e9, 104 Bd Raymond Poincar\u00e9 92380 Garches <strong>avant le mardi 1er juillet 2025<\/strong><\/p>\n\n\n\n<p>Le conseil scientifique se r\u00e9unira pour statuer le lendemain. . L\u2019autorisation d\u2019inscription d\u00e9finitive sera d\u00e9livr\u00e9e apr\u00e8s cette analyse. Vous serez inform\u00e9(e) \u00e0 partir du 3 juillet du devenir de votre demande.<\/p>\n\n\n\n<p>Si votre candidature est retenue et pour confirmer votre intention d\u2019inscription, vous devrez alors nous renvoyer votre acceptation d&rsquo;inscription. Nous vous indiquerons la proc\u00e9dure \u00e0 suivre dans ce m\u00eame courrier. Attention, le d\u00e9lai de confirmation \u00e0 r\u00e9ception de ce courrier sera court. Si votre candidature n&rsquo;est pas retenue d&#8217;embl\u00e9e, elle peut \u00eatre propos\u00e9e sous r\u00e9serve d&rsquo;une liste d&rsquo;attente, ou faire l&rsquo;objet d&rsquo;un refus. Les d\u00e9tails sur ces modalit\u00e9s d&rsquo;inscriptions apr\u00e8s autorisation sont pr\u00e9cis\u00e9s ci-dessous.<\/p>\n\n\n\n<p class=\"has-text-align-center has-white-color has-vivid-cyan-blue-background-color has-text-color has-background\"><strong>M\u00e9thodologie p\u00e9dagogique<\/strong><\/p>\n\n\n\n<p>Moyens p\u00e9dagogiques et techniques :<br>Formation th\u00e9orique et pratique. Elle associe quelques heures de cours magistraux en amphith\u00e9\u00e2tre, pour mettre en place les fondamentaux, \u00e0 de nombreuses heures d\u2019enseignements dirig\u00e9s, en sous-groupes, pour mettre l\u2019accent sur la r\u00e9alisation des gestes. Expos\u00e9s th\u00e9oriques et interactifs, d\u00e9monstrations, \u00e9tudes de cas concrets, ateliers pratiques, mises en situation, simulation haute d\u00e9finition, initiation \u00e0 l\u2019\u00e9cho-guidage, sont les bases de ces enseignements.<br>Les supports de cours sont mis en ligne, consultables et t\u00e9l\u00e9chargeables au d\u00e9cours de chaque module.<br>Il est \u00e9tabli un canal de communication entre les \u00e9tudiant(e)s, les formateurs et le conseil scientifique permettant un \u00e9change \u00e0 tout moment.<\/p>\n\n\n\n<p class=\"has-text-align-center has-white-color has-vivid-cyan-blue-background-color has-text-color has-background\"><strong>Intervenants<\/strong><\/p>\n\n\n\n<p>Infirmier(e)s, infirmier(e)s anesth\u00e9sistes, sages-femmes, m\u00e9decins sp\u00e9cialistes (urgentistes, anesth\u00e9sistes-r\u00e9animateurs, p\u00e9diatres, cardiologues). Tous avec une exp\u00e9rience professionnelle dans la prise en charge de patients critiques et une aptitude \u00e0 la p\u00e9dagogie.<\/p>\n\n\n\n<p class=\"has-text-align-center has-white-color has-vivid-cyan-blue-background-color has-text-color has-background\"><strong>Modalit\u00e9s d\u2018\u00e9valuation<\/strong><\/p>\n\n\n\n<p>Evaluation de la satisfaction des \u00e9tudiants \u00e0 l\u2019issue de chaque module, puis de l\u2019ensemble de la formation.<br>Recueil des attentes en d\u00e9but de chaque module (session mensuelle de 2 journ\u00e9es)<br>Evaluation et recommandations de suivi et mesures correctrices en cours de formation.<br>Examen de fin d\u2019enseignement permettant de valider les connaissances et les comp\u00e9tences.<\/p>\n\n\n\n<p class=\"has-text-align-center has-white-color has-vivid-cyan-blue-background-color has-text-color has-background\"><strong>Certificat de r\u00e9alisation<\/strong><br><strong>Validation des connaissances et des comp\u00e9tences<\/strong><\/p>\n\n\n\n<p>Il est remis \u00e0 l\u2019issue des 8 modules, un certificat de r\u00e9alisation sous condition de suivi de tous les modules.<br>Un examen final permet la d\u00e9livrance d\u2019une attestation suppl\u00e9mentaire certifiant l\u2019acquisition des connaissances et des comp\u00e9tences. La note requise doit \u00eatre \u00e9gale ou sup\u00e9rieure \u00e0 10\/20. En cas de note inf\u00e9rieure, le candidat sera invit\u00e9 \u00e0 se repr\u00e9senter \u00e0 l&rsquo;examen l&rsquo;ann\u00e9e suivante. La documentation relative \u00e0 l&rsquo;enseignement dispens\u00e9 au cours des 8 modules reste disponible pendant une ann\u00e9e.<br>L&rsquo;absence \u00e0 un module si elle est justifi\u00e9e par la fourniture d&rsquo;un certificat, (soit 2 jours cons\u00e9cutifs soit 14 heures) autorise n\u00e9anmoins la d\u00e9livrance du certificat et la pr\u00e9sentation \u00e0 l&rsquo;examen sous couvert de la compr\u00e9hension des documents remis, avec au besoin r\u00e9vision de ceux ci avec un formateur. Il est de m\u00eame propos\u00e9 d&rsquo;assister \u00e0 titre gracieux au module concern\u00e9 l&rsquo;ann\u00e9e suivante.<br>Au del\u00e0 de 1 module non suivi et avec justification d&rsquo;absence, il sera propos\u00e9 au candidat d&rsquo;assister \u00e0 ces modules l&rsquo;ann\u00e9e suivante \u00e0 titre gracieux, ceci autorisant la d\u00e9livrance du certificat de r\u00e9alisation ainsi que la pr\u00e9sentation \u00e0 l&rsquo;examen de l&rsquo;ann\u00e9e suivante. L&rsquo;attention des candidats est attir\u00e9e par le fait que cette proposition peut n\u00e9cessiter de suivre les formations au cours de plusieurs journ\u00e9es ou demi journ\u00e9es, les th\u00e9matiques abord\u00e9es pouvant ne pas suivre le m\u00eame ordre l&rsquo;ann\u00e9e suivante, et \u00eatre \u00e9tal\u00e9es sur plusieurs modules.<br>Les absences non signal\u00e9es ou non authentifi\u00e9es ne donneront pas lieu \u00e0 cette possibilit\u00e9. <br>Au del\u00e0 de 2 modules non suivis, ou en cas d&rsquo;absence de toute justification, il ne sera pas possible de proposer un rattrapage des formations non suivies.<\/p>\n\n\n\n<p class=\"has-text-align-center has-white-color has-vivid-cyan-blue-background-color has-text-color has-background\"><strong>Tarifs inchang\u00e9s<\/strong><\/p>\n\n\n\n<p><strong>Formation continue 1 560 \u20ac TTC (1&nbsp;300 \u20ac HT)<\/strong><br>Ce tarif correspond \u00e0 une prise charge par l\u2019employeur au titre de la formation professionnelle. L\u2019IRESU \u00e9met une convention de formation destin\u00e9e \u00e0 l\u2019employeur qui la retourne sign\u00e9e au plus tard 30 jours avant le d\u00e9but de la formation. La facturation est effectu\u00e9e \u00e0 \u00ab&nbsp;service rendu&nbsp;\u00bb, soit en mai 2026, \u00e0 d\u00e9faut de demande particuli\u00e8re de l&#8217;employeur.<\/p>\n\n\n\n<p><strong>Formation individuelle 696 \u20ac TTC (580 \u20ac HT)<\/strong><br>Ce tarif &#8211; inchang\u00e9 depuis l&rsquo;ann\u00e9e 2023 &#8211; correspond \u00e0 une formation effectu\u00e9e \u00e0 titre individuel, avec une facture \u00e9mise par IRESU au nom de l\u2019\u00e9tudiant(e). Le r\u00e8glement doit \u00eatre effectu\u00e9 au plus tard 60 jours avant le d\u00e9but de la formation.<br><strong>L\u2019IRESU attire l\u2019attention des \u00e9tudiants choisissant le tarif individuel, que celui-ci n\u2019autorise pas l\u2019employeur \u00e0 en effectuer le remboursement ult\u00e9rieur dans le cadre de la formation continue<\/strong>.<\/p>\n\n\n\n<p>Pour ces 2 propositions, la TVA est celle en vigueur (20% \u00e0 la date de r\u00e9daction).<\/p>\n\n\n\n<p class=\"has-text-align-center has-white-color has-vivid-cyan-blue-background-color has-text-color has-background\"><strong>Modalit\u00e9s d\u2019inscription apr\u00e8s autorisation<\/strong><\/p>\n\n\n\n<p>Une fois l\u2019autorisation d\u2019inscription d\u00e9finitive d\u00e9livr\u00e9e par le conseil scientifique, l\u2019\u00e9tudiant(e) effectuera son inscription d\u00e9finitive. Pour une prise en charge par l\u2019employeur, une convention sera envoy\u00e9e \u00e0 ce dernier qui la retournera sign\u00e9e \u00e0 IRESU, au plus tard 30 jours avant la date de d\u00e9but de la formation. Pour une formation \u00e0 titre individuel, une facture sera adress\u00e9e \u00e0 l\u2019\u00e9tudiant(e) qui en effectuera le r\u00e8glement au plus tard 60 jours avant le d\u00e9but de la formation<\/p>\n\n\n\n<p class=\"has-text-align-center has-white-color has-vivid-cyan-blue-background-color has-text-color has-background\"><strong>Programme<\/strong> <strong>2025 &#8211; 2026<\/strong><\/p>\n\n\n\n<p><strong>Le programme 2025 &#8211; 2026 est publi\u00e9<a href=\"https:\/\/uvsi.fr\/wp-content\/uploads\/2026\/01\/UVSI-Prg-2025-2026-diffusion-externe_09Janv26.pdf\"> ici.<\/a><\/strong><br>Il est susceptible de comporter des modifications compte tenu des disponibilit\u00e9s des intervenants et des actualit\u00e9s en m\u00e9decine d&rsquo;urgence.<\/p>\n\n\n\n<p class=\"has-text-align-center has-white-color has-vivid-cyan-blue-background-color has-text-color has-background\"><strong>Informations compl\u00e9mentaires<\/strong><\/p>\n\n\n\n<p class=\"has-luminous-vivid-amber-background-color has-background\"><strong>Dates clefs 2025 :<\/strong><br>3 f\u00e9vrier : Ouverture des r\u00e9ceptions de candidatures<br>1er juillet : Date limite de r\u00e9ception des candidatures<br>3 juillet : Notification des r\u00e9sultats aux candidats<br>Juillet : Processus d&rsquo;inscription d\u00e9finitive<br>Lundi 9 septembre : D\u00e9but des cours.<\/p>\n\n\n\n<p><strong>Le site uvsi.fr est r\u00e9guli\u00e8rement mis \u00e0 jour&nbsp;:<\/strong><br>&#8211; Programme, modalit\u00e9s de suivi de l\u2019enseignement, cours en ligne au d\u00e9cours des modules, et acc\u00e8s personnel s\u00e9curis\u00e9.<br>Adresse mail : <strong>info@iresu.fr<\/strong><br>Rendez-vous sur le site uvsi.fr.<br>T\u00e9l : 01 84 19 28 75<\/p>\n\n\n\n<figure class=\"wp-block-image size-large\"><img loading=\"lazy\" decoding=\"async\" width=\"1024\" height=\"285\" src=\"https:\/\/uvsi.fr\/wp-content\/uploads\/2022\/07\/comites-2022-1024x285.jpg\" alt=\"\" class=\"wp-image-497\" srcset=\"https:\/\/uvsi.fr\/wp-content\/uploads\/2022\/07\/comites-2022-1024x285.jpg 1024w, https:\/\/uvsi.fr\/wp-content\/uploads\/2022\/07\/comites-2022-300x84.jpg 300w, https:\/\/uvsi.fr\/wp-content\/uploads\/2022\/07\/comites-2022-768x214.jpg 768w, https:\/\/uvsi.fr\/wp-content\/uploads\/2022\/07\/comites-2022-1536x428.jpg 1536w, https:\/\/uvsi.fr\/wp-content\/uploads\/2022\/07\/comites-2022.jpg 1723w\" sizes=\"auto, (max-width: 767px) 89vw, (max-width: 1000px) 54vw, (max-width: 1071px) 543px, 580px\" \/><\/figure>\n","protected":false},"excerpt":{"rendered":"<p>U V S I Ann\u00e9e 2025 \u2013 2026Conditions de candidaturesInscriptions closes MAJ le 24 mars 2025 Obtenir un devis pour prise en charge institutionnelleObtenir un devis pour prise en charge personnelleConsulter le programme actualis\u00e9 Candidatures pour l&rsquo;ann\u00e9e 2025 &#8211; 2026 La date limite de r\u00e9ception des candidatures etait fix\u00e9e au mardi 1er juillet 2025Les dossiers &hellip; <\/p>\n<p class=\"link-more\"><a href=\"https:\/\/uvsi.fr\/?page_id=1108\" class=\"more-link\">Continuer la lecture<span class=\"screen-reader-text\"> de &laquo;&nbsp;Infos pratiques 25 &#8211; 26&nbsp;&raquo;<\/span><\/a><\/p>\n","protected":false},"author":2,"featured_media":0,"parent":0,"menu_order":0,"comment_status":"closed","ping_status":"closed","template":"","meta":{"footnotes":""},"class_list":["post-1108","page","type-page","status-publish","hentry"],"yoast_head":"<!-- This site is optimized with the Yoast SEO plugin v27.4 - https:\/\/yoast.com\/product\/yoast-seo-wordpress\/ -->\n<title>Infos pratiques 25 - 26 - UVSI<\/title>\n<meta name=\"robots\" content=\"index, follow, max-snippet:-1, max-image-preview:large, max-video-preview:-1\" \/>\n<link rel=\"canonical\" href=\"https:\/\/uvsi.fr\/?page_id=1108\" \/>\n<meta property=\"og:locale\" content=\"fr_FR\" \/>\n<meta property=\"og:type\" content=\"article\" \/>\n<meta property=\"og:title\" content=\"Infos pratiques 25 - 26 - UVSI\" \/>\n<meta property=\"og:description\" content=\"U V S I Ann\u00e9e 2025 \u2013 2026Conditions de candidaturesInscriptions closes MAJ le 24 mars 2025 Obtenir un devis pour prise en charge institutionnelleObtenir un devis pour prise en charge personnelleConsulter le programme actualis\u00e9 Candidatures pour l&rsquo;ann\u00e9e 2025 &#8211; 2026 La date limite de r\u00e9ception des candidatures etait fix\u00e9e au mardi 1er juillet 2025Les dossiers &hellip; Continuer la lecture de &laquo;&nbsp;Infos pratiques 25 &#8211; 26&nbsp;&raquo;\" \/>\n<meta property=\"og:url\" content=\"https:\/\/uvsi.fr\/?page_id=1108\" \/>\n<meta property=\"og:site_name\" content=\"UVSI\" \/>\n<meta property=\"article:modified_time\" content=\"2026-01-27T17:41:00+00:00\" \/>\n<meta property=\"og:image\" content=\"https:\/\/uvsi.fr\/wp-content\/uploads\/2022\/07\/comites-2022.jpg\" \/>\n\t<meta property=\"og:image:width\" content=\"1723\" \/>\n\t<meta property=\"og:image:height\" content=\"480\" \/>\n\t<meta property=\"og:image:type\" content=\"image\/jpeg\" \/>\n<meta name=\"twitter:card\" content=\"summary_large_image\" \/>\n<meta name=\"twitter:label1\" content=\"Dur\u00e9e de lecture estim\u00e9e\" \/>\n\t<meta name=\"twitter:data1\" content=\"7 minutes\" \/>\n<script type=\"application\/ld+json\" class=\"yoast-schema-graph\">{\"@context\":\"https:\\\/\\\/schema.org\",\"@graph\":[{\"@type\":\"WebPage\",\"@id\":\"https:\\\/\\\/uvsi.fr\\\/?page_id=1108\",\"url\":\"https:\\\/\\\/uvsi.fr\\\/?page_id=1108\",\"name\":\"Infos pratiques 25 - 26 - UVSI\",\"isPartOf\":{\"@id\":\"https:\\\/\\\/uvsi.fr\\\/#website\"},\"primaryImageOfPage\":{\"@id\":\"https:\\\/\\\/uvsi.fr\\\/?page_id=1108#primaryimage\"},\"image\":{\"@id\":\"https:\\\/\\\/uvsi.fr\\\/?page_id=1108#primaryimage\"},\"thumbnailUrl\":\"https:\\\/\\\/uvsi.fr\\\/wp-content\\\/uploads\\\/2022\\\/07\\\/comites-2022-1024x285.jpg\",\"datePublished\":\"2025-03-24T10:36:51+00:00\",\"dateModified\":\"2026-01-27T17:41:00+00:00\",\"breadcrumb\":{\"@id\":\"https:\\\/\\\/uvsi.fr\\\/?page_id=1108#breadcrumb\"},\"inLanguage\":\"fr-FR\",\"potentialAction\":[{\"@type\":\"ReadAction\",\"target\":[\"https:\\\/\\\/uvsi.fr\\\/?page_id=1108\"]}]},{\"@type\":\"ImageObject\",\"inLanguage\":\"fr-FR\",\"@id\":\"https:\\\/\\\/uvsi.fr\\\/?page_id=1108#primaryimage\",\"url\":\"https:\\\/\\\/uvsi.fr\\\/wp-content\\\/uploads\\\/2022\\\/07\\\/comites-2022.jpg\",\"contentUrl\":\"https:\\\/\\\/uvsi.fr\\\/wp-content\\\/uploads\\\/2022\\\/07\\\/comites-2022.jpg\",\"width\":1723,\"height\":480},{\"@type\":\"BreadcrumbList\",\"@id\":\"https:\\\/\\\/uvsi.fr\\\/?page_id=1108#breadcrumb\",\"itemListElement\":[{\"@type\":\"ListItem\",\"position\":1,\"name\":\"Accueil\",\"item\":\"https:\\\/\\\/uvsi.fr\\\/\"},{\"@type\":\"ListItem\",\"position\":2,\"name\":\"Infos pratiques 25 &#8211; 26\"}]},{\"@type\":\"WebSite\",\"@id\":\"https:\\\/\\\/uvsi.fr\\\/#website\",\"url\":\"https:\\\/\\\/uvsi.fr\\\/\",\"name\":\"UVSI\",\"description\":\"Urgences Vitales en Soins Infirmiers\",\"publisher\":{\"@id\":\"https:\\\/\\\/uvsi.fr\\\/#organization\"},\"potentialAction\":[{\"@type\":\"SearchAction\",\"target\":{\"@type\":\"EntryPoint\",\"urlTemplate\":\"https:\\\/\\\/uvsi.fr\\\/?s={search_term_string}\"},\"query-input\":{\"@type\":\"PropertyValueSpecification\",\"valueRequired\":true,\"valueName\":\"search_term_string\"}}],\"inLanguage\":\"fr-FR\"},{\"@type\":\"Organization\",\"@id\":\"https:\\\/\\\/uvsi.fr\\\/#organization\",\"name\":\"UVSI\",\"url\":\"https:\\\/\\\/uvsi.fr\\\/\",\"logo\":{\"@type\":\"ImageObject\",\"inLanguage\":\"fr-FR\",\"@id\":\"https:\\\/\\\/uvsi.fr\\\/#\\\/schema\\\/logo\\\/image\\\/\",\"url\":\"https:\\\/\\\/uvsi.fr\\\/wp-content\\\/uploads\\\/2021\\\/03\\\/cropped-cropped-colibri-512X512.jpg\",\"contentUrl\":\"https:\\\/\\\/uvsi.fr\\\/wp-content\\\/uploads\\\/2021\\\/03\\\/cropped-cropped-colibri-512X512.jpg\",\"width\":250,\"height\":250,\"caption\":\"UVSI\"},\"image\":{\"@id\":\"https:\\\/\\\/uvsi.fr\\\/#\\\/schema\\\/logo\\\/image\\\/\"}}]}<\/script>\n<!-- \/ Yoast SEO plugin. -->","yoast_head_json":{"title":"Infos pratiques 25 - 26 - UVSI","robots":{"index":"index","follow":"follow","max-snippet":"max-snippet:-1","max-image-preview":"max-image-preview:large","max-video-preview":"max-video-preview:-1"},"canonical":"https:\/\/uvsi.fr\/?page_id=1108","og_locale":"fr_FR","og_type":"article","og_title":"Infos pratiques 25 - 26 - UVSI","og_description":"U V S I Ann\u00e9e 2025 \u2013 2026Conditions de candidaturesInscriptions closes MAJ le 24 mars 2025 Obtenir un devis pour prise en charge institutionnelleObtenir un devis pour prise en charge personnelleConsulter le programme actualis\u00e9 Candidatures pour l&rsquo;ann\u00e9e 2025 &#8211; 2026 La date limite de r\u00e9ception des candidatures etait fix\u00e9e au mardi 1er juillet 2025Les dossiers &hellip; Continuer la lecture de &laquo;&nbsp;Infos pratiques 25 &#8211; 26&nbsp;&raquo;","og_url":"https:\/\/uvsi.fr\/?page_id=1108","og_site_name":"UVSI","article_modified_time":"2026-01-27T17:41:00+00:00","og_image":[{"width":1723,"height":480,"url":"https:\/\/uvsi.fr\/wp-content\/uploads\/2022\/07\/comites-2022.jpg","type":"image\/jpeg"}],"twitter_card":"summary_large_image","twitter_misc":{"Dur\u00e9e de lecture estim\u00e9e":"7 minutes"},"schema":{"@context":"https:\/\/schema.org","@graph":[{"@type":"WebPage","@id":"https:\/\/uvsi.fr\/?page_id=1108","url":"https:\/\/uvsi.fr\/?page_id=1108","name":"Infos pratiques 25 - 26 - UVSI","isPartOf":{"@id":"https:\/\/uvsi.fr\/#website"},"primaryImageOfPage":{"@id":"https:\/\/uvsi.fr\/?page_id=1108#primaryimage"},"image":{"@id":"https:\/\/uvsi.fr\/?page_id=1108#primaryimage"},"thumbnailUrl":"https:\/\/uvsi.fr\/wp-content\/uploads\/2022\/07\/comites-2022-1024x285.jpg","datePublished":"2025-03-24T10:36:51+00:00","dateModified":"2026-01-27T17:41:00+00:00","breadcrumb":{"@id":"https:\/\/uvsi.fr\/?page_id=1108#breadcrumb"},"inLanguage":"fr-FR","potentialAction":[{"@type":"ReadAction","target":["https:\/\/uvsi.fr\/?page_id=1108"]}]},{"@type":"ImageObject","inLanguage":"fr-FR","@id":"https:\/\/uvsi.fr\/?page_id=1108#primaryimage","url":"https:\/\/uvsi.fr\/wp-content\/uploads\/2022\/07\/comites-2022.jpg","contentUrl":"https:\/\/uvsi.fr\/wp-content\/uploads\/2022\/07\/comites-2022.jpg","width":1723,"height":480},{"@type":"BreadcrumbList","@id":"https:\/\/uvsi.fr\/?page_id=1108#breadcrumb","itemListElement":[{"@type":"ListItem","position":1,"name":"Accueil","item":"https:\/\/uvsi.fr\/"},{"@type":"ListItem","position":2,"name":"Infos pratiques 25 &#8211; 26"}]},{"@type":"WebSite","@id":"https:\/\/uvsi.fr\/#website","url":"https:\/\/uvsi.fr\/","name":"UVSI","description":"Urgences Vitales en Soins Infirmiers","publisher":{"@id":"https:\/\/uvsi.fr\/#organization"},"potentialAction":[{"@type":"SearchAction","target":{"@type":"EntryPoint","urlTemplate":"https:\/\/uvsi.fr\/?s={search_term_string}"},"query-input":{"@type":"PropertyValueSpecification","valueRequired":true,"valueName":"search_term_string"}}],"inLanguage":"fr-FR"},{"@type":"Organization","@id":"https:\/\/uvsi.fr\/#organization","name":"UVSI","url":"https:\/\/uvsi.fr\/","logo":{"@type":"ImageObject","inLanguage":"fr-FR","@id":"https:\/\/uvsi.fr\/#\/schema\/logo\/image\/","url":"https:\/\/uvsi.fr\/wp-content\/uploads\/2021\/03\/cropped-cropped-colibri-512X512.jpg","contentUrl":"https:\/\/uvsi.fr\/wp-content\/uploads\/2021\/03\/cropped-cropped-colibri-512X512.jpg","width":250,"height":250,"caption":"UVSI"},"image":{"@id":"https:\/\/uvsi.fr\/#\/schema\/logo\/image\/"}}]}},"_links":{"self":[{"href":"https:\/\/uvsi.fr\/index.php?rest_route=\/wp\/v2\/pages\/1108","targetHints":{"allow":["GET"]}}],"collection":[{"href":"https:\/\/uvsi.fr\/index.php?rest_route=\/wp\/v2\/pages"}],"about":[{"href":"https:\/\/uvsi.fr\/index.php?rest_route=\/wp\/v2\/types\/page"}],"author":[{"embeddable":true,"href":"https:\/\/uvsi.fr\/index.php?rest_route=\/wp\/v2\/users\/2"}],"replies":[{"embeddable":true,"href":"https:\/\/uvsi.fr\/index.php?rest_route=%2Fwp%2Fv2%2Fcomments&post=1108"}],"version-history":[{"count":9,"href":"https:\/\/uvsi.fr\/index.php?rest_route=\/wp\/v2\/pages\/1108\/revisions"}],"predecessor-version":[{"id":1263,"href":"https:\/\/uvsi.fr\/index.php?rest_route=\/wp\/v2\/pages\/1108\/revisions\/1263"}],"wp:attachment":[{"href":"https:\/\/uvsi.fr\/index.php?rest_route=%2Fwp%2Fv2%2Fmedia&parent=1108"}],"curies":[{"name":"wp","href":"https:\/\/api.w.org\/{rel}","templated":true}]}}