{"id":9,"date":"2023-01-25T21:58:48","date_gmt":"2023-01-25T20:58:48","guid":{"rendered":"https:\/\/uvsi.fr\/?page_id=9"},"modified":"2026-02-19T10:52:36","modified_gmt":"2026-02-19T09:52:36","slug":"accueil","status":"publish","type":"page","link":"https:\/\/uvsi.fr\/","title":{"rendered":"Bienvenue aux UVSI !"},"content":{"rendered":"\n<p class=\"has-text-align-center has-black-color has-white-background-color has-text-color has-background has-link-color has-medium-font-size wp-elements-f596f6fe8f2aa318fa03276fe32262a9\"><strong><a href=\"https:\/\/iresu.fr\/iresu\/questionnaire\/questionnaire.php?id=625&amp;page=q_stag&amp;type=formation\">Evaluation de la satisfaction des \u00e9tudiants de l&rsquo;ann\u00e9e 2024 &#8211; 2025<\/a><\/strong><\/p>\n\n\n\n<figure class=\"wp-block-table\"><table><tbody><tr><td class=\"has-text-align-center\" data-align=\"center\">Formation enrichissante avec de nombreux intervenants, mat\u00e9riels \u00e0 disposition, ateliers de simulations, merci pour cette ann\u00e9e\u2026. Des cours tr\u00e8s complets et int\u00e9ressants, Intervenants de qualit\u00e9&#8230;.J&rsquo;ai pu constater une am\u00e9lioration dans mes pratiques et j&rsquo;en suis ravie&#8230; Je recommanderai! &#8230; Merci \u00e0 vous&#8230;<\/td><\/tr><\/tbody><\/table><\/figure>\n\n\n\n<p class=\"has-text-align-center has-white-color has-vivid-cyan-blue-background-color has-text-color has-background has-medium-font-size\"><strong>MAJ du 16 f\u00e9vrIer 2026: La formation UVSI ne sera pas renouvel\u00e9e sous la m\u00eame forme pour l&rsquo;ann\u00e9e 2026 &#8211; 2027.<\/strong><\/p>\n\n\n\n<div class=\"wp-block-columns is-layout-flex wp-container-core-columns-is-layout-9d6595d7 wp-block-columns-is-layout-flex\">\n<div class=\"wp-block-column is-layout-flow wp-block-column-is-layout-flow\" style=\"flex-basis:33.33%\">\n<figure class=\"wp-block-image size-large\"><img loading=\"lazy\" decoding=\"async\" width=\"200\" height=\"277\" src=\"https:\/\/uvsi.fr\/wp-content\/uploads\/2021\/03\/TL-TRES-REDUIT-1.jpg\" alt=\"Formation Urgences Vitales en Soins Infirmiers\" class=\"wp-image-66\"\/><\/figure>\n<\/div>\n\n\n\n<div class=\"wp-block-column is-layout-flow wp-block-column-is-layout-flow\" style=\"flex-basis:66.66%\">\n<p><em>Dr Thomas Loeb,<br>Responsable p\u00e9dagogique de UVSI<\/em><br>En 2007, en r\u00e9ponse \u00e0 la forte demande de formation des IDE et personnels de sant\u00e9 non m\u00e9decins confront\u00e9s \u00e0 la prise en charge des urgences vitales au cours de leur exercice professionnel, a \u00e9t\u00e9 cr\u00e9\u00e9 \u00e0 l\u2019Universit\u00e9 de Versailles \u2013 Saint-Quentin le \u00ab DUUVSI \u00bb, premier DU de PEC des Urgences Vitales en Soins Infirmiers.<br><\/p>\n<\/div>\n<\/div>\n\n\n\n<p>En 2021, l&rsquo;IRESU (Institut de Recherche et d&rsquo;enseignement des Soins d\u2019Urgence) apr\u00e8s quasiment 15 ans d\u2019existence et des centaines d\u2019\u00e9tudiants form\u00e9s, a repris l\u2019organisation de cet enseignement. Les offre de formations similaires apparues dans le sillage de UVSI mais surtout la tr\u00e8s grande difficult\u00e9 \u00e0 respecter le cadre du r\u00e9f\u00e9rentiel Qualiopi sur une ann\u00e9e \u00ab\u00a0scolaire\u00a0\u00bb qui s&rsquo;\u00e9tend de septembre \u00e0 mai rendent la poursuite de UVSI sous ce format trop al\u00e9atoire.<br><em>L&rsquo;ann\u00e9e 2025-2026 sera donc la derni\u00e8re ann\u00e9e de UVSI sous cette forme.<\/em><br>Le site UVSI proposera pour 2027 des formations modulaires plus resserr\u00e9es, reprenant ce qui a fait le succ\u00e8s de cette formation, un enseignement th\u00e9orique avec mise en \u0153uvre de solutions sur la base de scenarios.<br>Rendez vous sur ce site en octobre. <\/p>\n\n\n\n<hr class=\"wp-block-separator has-alpha-channel-opacity is-style-wide\"\/>\n\n\n\n<div class=\"wp-block-media-text alignwide is-stacked-on-mobile\" style=\"grid-template-columns:42% auto\"><figure class=\"wp-block-media-text__media\"><img loading=\"lazy\" decoding=\"async\" width=\"1024\" height=\"680\" src=\"https:\/\/uvsi.fr\/wp-content\/uploads\/2023\/06\/DSC_8263-atelier-1024x680.jpg\" alt=\"\" class=\"wp-image-710 size-full\" srcset=\"https:\/\/uvsi.fr\/wp-content\/uploads\/2023\/06\/DSC_8263-atelier-1024x680.jpg 1024w, https:\/\/uvsi.fr\/wp-content\/uploads\/2023\/06\/DSC_8263-atelier-300x199.jpg 300w, https:\/\/uvsi.fr\/wp-content\/uploads\/2023\/06\/DSC_8263-atelier-768x510.jpg 768w, https:\/\/uvsi.fr\/wp-content\/uploads\/2023\/06\/DSC_8263-atelier-1536x1020.jpg 1536w, https:\/\/uvsi.fr\/wp-content\/uploads\/2023\/06\/DSC_8263-atelier-2048x1360.jpg 2048w\" sizes=\"auto, (max-width: 767px) 89vw, (max-width: 1000px) 54vw, (max-width: 1071px) 543px, 580px\" \/><\/figure><div class=\"wp-block-media-text__content\">\n<p><em>Promotion 2022 &#8211; 2023 :<\/em><br>Je tenais \u00e0 vous remercier pour tout, merci \u00e0 tous les professionnels qui m\u2019ont appris tellement sur cette ann\u00e9e, merci c\u2019est une formation exceptionnelle&nbsp;!<br>A bient\u00f4t&#8230;<br>ME.<\/p>\n<\/div><\/div>\n\n\n\n<hr class=\"wp-block-separator has-alpha-channel-opacity is-style-wide\"\/>\n\n\n\n<p class=\"has-small-font-size\">L\u2019enseignement se positionne toujours en compl\u00e9ment de ceux dispens\u00e9s par les instituts de formation professionnelle, comme les IFSI, et autres organismes, dont les programmes g\u00e9n\u00e9ralistes d\u00e9j\u00e0 denses ne permettent pas toujours d\u2019approfondir les questions soulev\u00e9es par des personnels confront\u00e9s quotidiennement \u00e0 des situations d\u2019extr\u00eame urgence. Son objectif est donc de continuer \u00e0 d\u00e9velopper les comp\u00e9tences et am\u00e9liorer la qualit\u00e9 des soins des professionnels, qui exercent dans les structures de soins assurant la prise en charge d\u2019urgences vitales (services d\u2019urgences, SAUV, salles de soins post-interventionnels, r\u00e9animations, unit\u00e9s de soins continus, SAMU-SMUR\u2026) gr\u00e2ce \u00e0 un enseignement th\u00e9orique cibl\u00e9 auquel sont syst\u00e9matiquement associ\u00e9s des ateliers pratiques de mises en situation.<\/p>\n\n\n\n<p class=\"has-small-font-size\">Apr\u00e8s 116 heures de cours de haut niveau, r\u00e9partis en 8 modules sur une ann\u00e9e universitaire compl\u00e8te, la validation des acquis se fera par un test \u00e9crit de contr\u00f4le des connaissances en fin de cursus. L\u2019obtention d\u2019une note sup\u00e9rieure \u00e0 10\/20 \u00e0 ce test donnera lieu \u00e0 la d\u00e9livrance, par l\u2019IRESU, d\u2019une attestation qui permettra aux \u00e9tudiants de faire valoir ce que de droit.<\/p>\n\n\n\n<p><em><strong>Consulter:<\/strong><\/em><br>Le taux de r\u00e9ussite<br><a href=\"https:\/\/uvsi.fr\/wp-content\/uploads\/2023\/10\/certificat-qualiopi.pdf\">Le certificat Qualiopi de IRESU<\/a><br><a href=\"https:\/\/iresu.fr\/wp-content\/uploads\/2021\/11\/projetetablissement_qualiterisques2015-2019.pdf\">Le DUERP de l&rsquo;APHP<\/a><br><a href=\"https:\/\/iresu.fr\/wp-content\/uploads\/2021\/11\/Reglement-interieur-IRESU.pdf\">Le R\u00e8glement int\u00e9rieur de l&rsquo;IRESU<\/a><br><a href=\"https:\/\/uvsi.fr\/wp-content\/uploads\/2024\/10\/CGV-UVSI-SEPT-24.pdf\">Les conditions g\u00e9n\u00e9rales de vente de cette formation UVSI (CGV)<\/a><br><a href=\"https:\/\/uvsi.fr\/wp-content\/uploads\/2024\/09\/CGU-UVSI-2024.pdf\">Les conditions g\u00e9n\u00e9rales d&rsquo;utilisation (CGU) du site UVSI,<\/a> <a href=\"https:\/\/iresu.fr\/wp-content\/uploads\/2024\/08\/CGU-IRESU-2024.pdf\">du site IRESU<\/a><br><a href=\"https:\/\/iresu.fr\/accessibilite-et-situation-de-handicap\/\">Handicap et Accessibilit\u00e9<\/a><br><\/p>\n\n\n\n<div class=\"wp-block-columns is-layout-flex wp-container-core-columns-is-layout-9d6595d7 wp-block-columns-is-layout-flex\">\n<div class=\"wp-block-column is-layout-flow wp-block-column-is-layout-flow\" style=\"flex-basis:33.33%\">\n<figure class=\"wp-block-image size-large is-resized\"><img loading=\"lazy\" decoding=\"async\" width=\"512\" height=\"554\" src=\"https:\/\/uvsi.fr\/wp-content\/uploads\/2021\/03\/colibri-512X512.jpg\" alt=\"Logo UVSI\" class=\"wp-image-82\" srcset=\"https:\/\/uvsi.fr\/wp-content\/uploads\/2021\/03\/colibri-512X512.jpg 512w, https:\/\/uvsi.fr\/wp-content\/uploads\/2021\/03\/colibri-512X512-277x300.jpg 277w\" sizes=\"auto, (max-width: 512px) 100vw, 512px\" \/><\/figure>\n<\/div>\n\n\n\n<div class=\"wp-block-column is-layout-flow wp-block-column-is-layout-flow\" style=\"flex-basis:66.66%\">\n<figure class=\"wp-block-image size-large is-resized\"><img loading=\"lazy\" decoding=\"async\" width=\"1024\" height=\"455\" src=\"https:\/\/uvsi.fr\/wp-content\/uploads\/2021\/03\/logo-iresu-1024x455.jpg\" alt=\"Logo IRESU\" class=\"wp-image-52\" srcset=\"https:\/\/uvsi.fr\/wp-content\/uploads\/2021\/03\/logo-iresu-1024x455.jpg 1024w, https:\/\/uvsi.fr\/wp-content\/uploads\/2021\/03\/logo-iresu-300x133.jpg 300w, https:\/\/uvsi.fr\/wp-content\/uploads\/2021\/03\/logo-iresu-768x341.jpg 768w, https:\/\/uvsi.fr\/wp-content\/uploads\/2021\/03\/logo-iresu-1536x683.jpg 1536w, https:\/\/uvsi.fr\/wp-content\/uploads\/2021\/03\/logo-iresu-2048x910.jpg 2048w\" sizes=\"auto, (max-width: 767px) 89vw, (max-width: 1000px) 54vw, (max-width: 1071px) 543px, 580px\" \/><\/figure>\n<\/div>\n<\/div>\n","protected":false},"excerpt":{"rendered":"<p>Evaluation de la satisfaction des \u00e9tudiants de l&rsquo;ann\u00e9e 2024 &#8211; 2025 Formation enrichissante avec de nombreux intervenants, mat\u00e9riels \u00e0 disposition, ateliers de simulations, merci pour cette ann\u00e9e\u2026. Des cours tr\u00e8s complets et int\u00e9ressants, Intervenants de qualit\u00e9&#8230;.J&rsquo;ai pu constater une am\u00e9lioration dans mes pratiques et j&rsquo;en suis ravie&#8230; Je recommanderai! &#8230; Merci \u00e0 vous&#8230; MAJ du &hellip; <\/p>\n<p class=\"link-more\"><a href=\"https:\/\/uvsi.fr\/\" class=\"more-link\">Continuer la lecture<span class=\"screen-reader-text\"> de &laquo;&nbsp;Bienvenue aux UVSI !&nbsp;&raquo;<\/span><\/a><\/p>\n","protected":false},"author":2,"featured_media":0,"parent":0,"menu_order":0,"comment_status":"closed","ping_status":"closed","template":"","meta":{"footnotes":""},"class_list":["post-9","page","type-page","status-publish","hentry"],"yoast_head":"<!-- This site is optimized with the Yoast SEO plugin v27.6 - https:\/\/yoast.com\/product\/yoast-seo-wordpress\/ -->\n<title>Urgences Vitales en Soins Infirmiers<\/title>\n<meta name=\"description\" content=\"La formation Urgences Vitales en Soins Infirmiers est organis\u00e9e par l&#039;IRESU. Retrouvez le programme et les modalit\u00e9s d&#039;inscription\" \/>\n<meta name=\"robots\" content=\"index, follow, max-snippet:-1, max-image-preview:large, max-video-preview:-1\" \/>\n<link rel=\"canonical\" href=\"https:\/\/uvsi.fr\/\" \/>\n<meta property=\"og:locale\" content=\"fr_FR\" \/>\n<meta property=\"og:type\" content=\"article\" \/>\n<meta property=\"og:title\" content=\"Urgences Vitales en Soins Infirmiers\" \/>\n<meta property=\"og:description\" content=\"La formation Urgences Vitales en Soins Infirmiers est organis\u00e9e par l&#039;IRESU. Retrouvez le programme et les modalit\u00e9s d&#039;inscription\" \/>\n<meta property=\"og:url\" content=\"https:\/\/uvsi.fr\/\" \/>\n<meta property=\"og:site_name\" content=\"UVSI\" \/>\n<meta property=\"article:modified_time\" content=\"2026-02-19T09:52:36+00:00\" \/>\n<meta property=\"og:image\" content=\"https:\/\/uvsi.fr\/wp-content\/uploads\/2021\/03\/TL-TRES-REDUIT-1.jpg\" \/>\n\t<meta property=\"og:image:width\" content=\"200\" \/>\n\t<meta property=\"og:image:height\" content=\"277\" \/>\n\t<meta property=\"og:image:type\" content=\"image\/jpeg\" \/>\n<meta name=\"twitter:card\" content=\"summary_large_image\" \/>\n<meta name=\"twitter:label1\" content=\"Dur\u00e9e de lecture estim\u00e9e\" \/>\n\t<meta name=\"twitter:data1\" content=\"3 minutes\" \/>\n<script type=\"application\/ld+json\" class=\"yoast-schema-graph\">{\"@context\":\"https:\\\/\\\/schema.org\",\"@graph\":[{\"@type\":\"WebPage\",\"@id\":\"https:\\\/\\\/uvsi.fr\\\/\",\"url\":\"https:\\\/\\\/uvsi.fr\\\/\",\"name\":\"Urgences Vitales en Soins Infirmiers\",\"isPartOf\":{\"@id\":\"https:\\\/\\\/uvsi.fr\\\/#website\"},\"primaryImageOfPage\":{\"@id\":\"https:\\\/\\\/uvsi.fr\\\/#primaryimage\"},\"image\":{\"@id\":\"https:\\\/\\\/uvsi.fr\\\/#primaryimage\"},\"thumbnailUrl\":\"https:\\\/\\\/uvsi.fr\\\/wp-content\\\/uploads\\\/2021\\\/03\\\/TL-TRES-REDUIT-1.jpg\",\"datePublished\":\"2023-01-25T20:58:48+00:00\",\"dateModified\":\"2026-02-19T09:52:36+00:00\",\"description\":\"La formation Urgences Vitales en Soins Infirmiers est organis\u00e9e par l'IRESU. Retrouvez le programme et les modalit\u00e9s d'inscription\",\"breadcrumb\":{\"@id\":\"https:\\\/\\\/uvsi.fr\\\/#breadcrumb\"},\"inLanguage\":\"fr-FR\",\"potentialAction\":[{\"@type\":\"ReadAction\",\"target\":[\"https:\\\/\\\/uvsi.fr\\\/\"]}]},{\"@type\":\"ImageObject\",\"inLanguage\":\"fr-FR\",\"@id\":\"https:\\\/\\\/uvsi.fr\\\/#primaryimage\",\"url\":\"https:\\\/\\\/uvsi.fr\\\/wp-content\\\/uploads\\\/2021\\\/03\\\/TL-TRES-REDUIT-1.jpg\",\"contentUrl\":\"https:\\\/\\\/uvsi.fr\\\/wp-content\\\/uploads\\\/2021\\\/03\\\/TL-TRES-REDUIT-1.jpg\",\"width\":200,\"height\":277},{\"@type\":\"BreadcrumbList\",\"@id\":\"https:\\\/\\\/uvsi.fr\\\/#breadcrumb\",\"itemListElement\":[{\"@type\":\"ListItem\",\"position\":1,\"name\":\"Accueil\",\"item\":\"https:\\\/\\\/uvsi.fr\\\/\"},{\"@type\":\"ListItem\",\"position\":2,\"name\":\"Bienvenue aux UVSI !\"}]},{\"@type\":\"WebSite\",\"@id\":\"https:\\\/\\\/uvsi.fr\\\/#website\",\"url\":\"https:\\\/\\\/uvsi.fr\\\/\",\"name\":\"UVSI\",\"description\":\"Urgences Vitales en Soins Infirmiers\",\"publisher\":{\"@id\":\"https:\\\/\\\/uvsi.fr\\\/#organization\"},\"potentialAction\":[{\"@type\":\"SearchAction\",\"target\":{\"@type\":\"EntryPoint\",\"urlTemplate\":\"https:\\\/\\\/uvsi.fr\\\/?s={search_term_string}\"},\"query-input\":{\"@type\":\"PropertyValueSpecification\",\"valueRequired\":true,\"valueName\":\"search_term_string\"}}],\"inLanguage\":\"fr-FR\"},{\"@type\":\"Organization\",\"@id\":\"https:\\\/\\\/uvsi.fr\\\/#organization\",\"name\":\"UVSI\",\"url\":\"https:\\\/\\\/uvsi.fr\\\/\",\"logo\":{\"@type\":\"ImageObject\",\"inLanguage\":\"fr-FR\",\"@id\":\"https:\\\/\\\/uvsi.fr\\\/#\\\/schema\\\/logo\\\/image\\\/\",\"url\":\"https:\\\/\\\/uvsi.fr\\\/wp-content\\\/uploads\\\/2021\\\/03\\\/cropped-cropped-colibri-512X512.jpg\",\"contentUrl\":\"https:\\\/\\\/uvsi.fr\\\/wp-content\\\/uploads\\\/2021\\\/03\\\/cropped-cropped-colibri-512X512.jpg\",\"width\":250,\"height\":250,\"caption\":\"UVSI\"},\"image\":{\"@id\":\"https:\\\/\\\/uvsi.fr\\\/#\\\/schema\\\/logo\\\/image\\\/\"}}]}<\/script>\n<!-- \/ Yoast SEO plugin. -->","yoast_head_json":{"title":"Urgences Vitales en Soins Infirmiers","description":"La formation Urgences Vitales en Soins Infirmiers est organis\u00e9e par l'IRESU. Retrouvez le programme et les modalit\u00e9s d'inscription","robots":{"index":"index","follow":"follow","max-snippet":"max-snippet:-1","max-image-preview":"max-image-preview:large","max-video-preview":"max-video-preview:-1"},"canonical":"https:\/\/uvsi.fr\/","og_locale":"fr_FR","og_type":"article","og_title":"Urgences Vitales en Soins Infirmiers","og_description":"La formation Urgences Vitales en Soins Infirmiers est organis\u00e9e par l'IRESU. Retrouvez le programme et les modalit\u00e9s d'inscription","og_url":"https:\/\/uvsi.fr\/","og_site_name":"UVSI","article_modified_time":"2026-02-19T09:52:36+00:00","og_image":[{"width":200,"height":277,"url":"https:\/\/uvsi.fr\/wp-content\/uploads\/2021\/03\/TL-TRES-REDUIT-1.jpg","type":"image\/jpeg"}],"twitter_card":"summary_large_image","twitter_misc":{"Dur\u00e9e de lecture estim\u00e9e":"3 minutes"},"schema":{"@context":"https:\/\/schema.org","@graph":[{"@type":"WebPage","@id":"https:\/\/uvsi.fr\/","url":"https:\/\/uvsi.fr\/","name":"Urgences Vitales en Soins Infirmiers","isPartOf":{"@id":"https:\/\/uvsi.fr\/#website"},"primaryImageOfPage":{"@id":"https:\/\/uvsi.fr\/#primaryimage"},"image":{"@id":"https:\/\/uvsi.fr\/#primaryimage"},"thumbnailUrl":"https:\/\/uvsi.fr\/wp-content\/uploads\/2021\/03\/TL-TRES-REDUIT-1.jpg","datePublished":"2023-01-25T20:58:48+00:00","dateModified":"2026-02-19T09:52:36+00:00","description":"La formation Urgences Vitales en Soins Infirmiers est organis\u00e9e par l'IRESU. Retrouvez le programme et les modalit\u00e9s d'inscription","breadcrumb":{"@id":"https:\/\/uvsi.fr\/#breadcrumb"},"inLanguage":"fr-FR","potentialAction":[{"@type":"ReadAction","target":["https:\/\/uvsi.fr\/"]}]},{"@type":"ImageObject","inLanguage":"fr-FR","@id":"https:\/\/uvsi.fr\/#primaryimage","url":"https:\/\/uvsi.fr\/wp-content\/uploads\/2021\/03\/TL-TRES-REDUIT-1.jpg","contentUrl":"https:\/\/uvsi.fr\/wp-content\/uploads\/2021\/03\/TL-TRES-REDUIT-1.jpg","width":200,"height":277},{"@type":"BreadcrumbList","@id":"https:\/\/uvsi.fr\/#breadcrumb","itemListElement":[{"@type":"ListItem","position":1,"name":"Accueil","item":"https:\/\/uvsi.fr\/"},{"@type":"ListItem","position":2,"name":"Bienvenue aux UVSI !"}]},{"@type":"WebSite","@id":"https:\/\/uvsi.fr\/#website","url":"https:\/\/uvsi.fr\/","name":"UVSI","description":"Urgences Vitales en Soins Infirmiers","publisher":{"@id":"https:\/\/uvsi.fr\/#organization"},"potentialAction":[{"@type":"SearchAction","target":{"@type":"EntryPoint","urlTemplate":"https:\/\/uvsi.fr\/?s={search_term_string}"},"query-input":{"@type":"PropertyValueSpecification","valueRequired":true,"valueName":"search_term_string"}}],"inLanguage":"fr-FR"},{"@type":"Organization","@id":"https:\/\/uvsi.fr\/#organization","name":"UVSI","url":"https:\/\/uvsi.fr\/","logo":{"@type":"ImageObject","inLanguage":"fr-FR","@id":"https:\/\/uvsi.fr\/#\/schema\/logo\/image\/","url":"https:\/\/uvsi.fr\/wp-content\/uploads\/2021\/03\/cropped-cropped-colibri-512X512.jpg","contentUrl":"https:\/\/uvsi.fr\/wp-content\/uploads\/2021\/03\/cropped-cropped-colibri-512X512.jpg","width":250,"height":250,"caption":"UVSI"},"image":{"@id":"https:\/\/uvsi.fr\/#\/schema\/logo\/image\/"}}]}},"_links":{"self":[{"href":"https:\/\/uvsi.fr\/index.php?rest_route=\/wp\/v2\/pages\/9","targetHints":{"allow":["GET"]}}],"collection":[{"href":"https:\/\/uvsi.fr\/index.php?rest_route=\/wp\/v2\/pages"}],"about":[{"href":"https:\/\/uvsi.fr\/index.php?rest_route=\/wp\/v2\/types\/page"}],"author":[{"embeddable":true,"href":"https:\/\/uvsi.fr\/index.php?rest_route=\/wp\/v2\/users\/2"}],"replies":[{"embeddable":true,"href":"https:\/\/uvsi.fr\/index.php?rest_route=%2Fwp%2Fv2%2Fcomments&post=9"}],"version-history":[{"count":56,"href":"https:\/\/uvsi.fr\/index.php?rest_route=\/wp\/v2\/pages\/9\/revisions"}],"predecessor-version":[{"id":1283,"href":"https:\/\/uvsi.fr\/index.php?rest_route=\/wp\/v2\/pages\/9\/revisions\/1283"}],"wp:attachment":[{"href":"https:\/\/uvsi.fr\/index.php?rest_route=%2Fwp%2Fv2%2Fmedia&parent=9"}],"curies":[{"name":"wp","href":"https:\/\/api.w.org\/{rel}","templated":true}]}}